
{"id":2613,"date":"2019-03-18T03:45:14","date_gmt":"2019-03-18T07:45:14","guid":{"rendered":"https:\/\/washingtonnational.com\/contact\/contact-an-agent\/"},"modified":"2022-06-29T16:44:21","modified_gmt":"2022-06-29T20:44:21","slug":"comuniquese-con-un-agente","status":"publish","type":"page","link":"https:\/\/washingtonnational.com\/es\/contacto\/comuniquese-con-un-agente\/","title":{"rendered":"Comun\u00edquese con un agente"},"content":{"rendered":"","protected":false},"excerpt":{"rendered":"<p>Para comunicarse con un agente o solicitar m\u00e1s informaci\u00f3n, complete y env\u00ede este formulario.<br \/>\n [&#8230;]<\/p>\n<p><a class=\"btn btn-secondary understrap-read-more-link\" href=\"https:\/\/washingtonnational.com\/es\/contacto\/comuniquese-con-un-agente\/\">Leer m\u00e1s&#8230;<\/a><\/p>\n","protected":false},"author":21,"featured_media":0,"parent":2610,"menu_order":0,"comment_status":"closed","ping_status":"closed","template":"","meta":{"_acf_changed":false,"footnotes":""},"class_list":["post-2613","page","type-page","status-publish","hentry"],"acf":[],"yoast_head":"<!-- This site is optimized with the Yoast SEO Premium plugin v27.3 (Yoast SEO v27.3) - https:\/\/yoast.com\/product\/yoast-seo-premium-wordpress\/ -->\n<title>Comun\u00edquese con un agente - Washington National<\/title>\n<meta name=\"description\" content=\"Para comunicarse con un agente o solicitar m\u00e1s informaci\u00f3n, complete y env\u00ede este formulario.\" \/>\n<meta name=\"robots\" content=\"index, follow, max-snippet:-1, max-image-preview:large, max-video-preview:-1\" \/>\n<link rel=\"canonical\" href=\"https:\/\/washingtonnational.com\/es\/contacto\/comuniquese-con-un-agente\/\" \/>\n<meta property=\"og:locale\" content=\"es_ES\" \/>\n<meta property=\"og:type\" content=\"article\" \/>\n<meta property=\"og:title\" content=\"Comun\u00edquese con un agente\" \/>\n<meta property=\"og:description\" content=\"Para comunicarse con un agente o solicitar m\u00e1s informaci\u00f3n, complete y env\u00ede este formulario.\" \/>\n<meta property=\"og:url\" content=\"https:\/\/washingtonnational.com\/es\/contacto\/comuniquese-con-un-agente\/\" \/>\n<meta property=\"og:site_name\" content=\"Washington National\" \/>\n<meta property=\"article:publisher\" content=\"https:\/\/www.facebook.com\/WashingtonNational\" \/>\n<meta property=\"article:modified_time\" content=\"2022-06-29T20:44:21+00:00\" \/>\n<meta name=\"twitter:card\" content=\"summary_large_image\" \/>\n<script type=\"application\/ld+json\" class=\"yoast-schema-graph\">{\"@context\":\"https:\\\/\\\/schema.org\",\"@graph\":[{\"@type\":\"WebPage\",\"@id\":\"https:\\\/\\\/washingtonnational.com\\\/es\\\/contacto\\\/comuniquese-con-un-agente\\\/\",\"url\":\"https:\\\/\\\/washingtonnational.com\\\/es\\\/contacto\\\/comuniquese-con-un-agente\\\/\",\"name\":\"Comun\u00edquese con un agente - Washington National\",\"isPartOf\":{\"@id\":\"https:\\\/\\\/washingtonnational.com\\\/es\\\/#website\"},\"datePublished\":\"2019-03-18T07:45:14+00:00\",\"dateModified\":\"2022-06-29T20:44:21+00:00\",\"description\":\"Para comunicarse con un agente o solicitar m\u00e1s informaci\u00f3n, complete y env\u00ede este formulario.\",\"breadcrumb\":{\"@id\":\"https:\\\/\\\/washingtonnational.com\\\/es\\\/contacto\\\/comuniquese-con-un-agente\\\/#breadcrumb\"},\"inLanguage\":\"es-ES\",\"potentialAction\":[{\"@type\":\"ReadAction\",\"target\":[\"https:\\\/\\\/washingtonnational.com\\\/es\\\/contacto\\\/comuniquese-con-un-agente\\\/\"]}]},{\"@type\":\"BreadcrumbList\",\"@id\":\"https:\\\/\\\/washingtonnational.com\\\/es\\\/contacto\\\/comuniquese-con-un-agente\\\/#breadcrumb\",\"itemListElement\":[{\"@type\":\"ListItem\",\"position\":1,\"name\":\"Home\",\"item\":\"https:\\\/\\\/washingtonnational.com\\\/es\\\/\"},{\"@type\":\"ListItem\",\"position\":2,\"name\":\"Contacto\",\"item\":\"https:\\\/\\\/washingtonnational.com\\\/es\\\/contacto\\\/\"},{\"@type\":\"ListItem\",\"position\":3,\"name\":\"Comun\u00edquese con un agente\"}]},{\"@type\":\"WebSite\",\"@id\":\"https:\\\/\\\/washingtonnational.com\\\/es\\\/#website\",\"url\":\"https:\\\/\\\/washingtonnational.com\\\/es\\\/\",\"name\":\"Washington National\",\"description\":\"\",\"publisher\":{\"@id\":\"https:\\\/\\\/washingtonnational.com\\\/es\\\/#organization\"},\"potentialAction\":[{\"@type\":\"SearchAction\",\"target\":{\"@type\":\"EntryPoint\",\"urlTemplate\":\"https:\\\/\\\/washingtonnational.com\\\/es\\\/?s={search_term_string}\"},\"query-input\":{\"@type\":\"PropertyValueSpecification\",\"valueRequired\":true,\"valueName\":\"search_term_string\"}}],\"inLanguage\":\"es-ES\"},{\"@type\":\"Organization\",\"@id\":\"https:\\\/\\\/washingtonnational.com\\\/es\\\/#organization\",\"name\":\"Washington National Insurance Company\",\"url\":\"https:\\\/\\\/washingtonnational.com\\\/es\\\/\",\"logo\":{\"@type\":\"ImageObject\",\"inLanguage\":\"es-ES\",\"@id\":\"https:\\\/\\\/washingtonnational.com\\\/es\\\/#\\\/schema\\\/logo\\\/image\\\/\",\"url\":\"https:\\\/\\\/washingtonnational.com\\\/wp-content\\\/uploads\\\/2019\\\/03\\\/WN_RGB_TRANS2.png\",\"contentUrl\":\"https:\\\/\\\/washingtonnational.com\\\/wp-content\\\/uploads\\\/2019\\\/03\\\/WN_RGB_TRANS2.png\",\"width\":582,\"height\":319,\"caption\":\"Washington National Insurance Company\"},\"image\":{\"@id\":\"https:\\\/\\\/washingtonnational.com\\\/es\\\/#\\\/schema\\\/logo\\\/image\\\/\"},\"sameAs\":[\"https:\\\/\\\/www.facebook.com\\\/WashingtonNational\",\"https:\\\/\\\/www.linkedin.com\\\/company\\\/washington-national-insurance-company\\\/\",\"https:\\\/\\\/www.youtube.com\\\/user\\\/WashingtonNational\\\/videos\"]}]}<\/script>\n<!-- \/ Yoast SEO Premium plugin. -->","yoast_head_json":{"title":"Comun\u00edquese con un agente - Washington National","description":"Para comunicarse con un agente o solicitar m\u00e1s informaci\u00f3n, complete y env\u00ede este formulario.","robots":{"index":"index","follow":"follow","max-snippet":"max-snippet:-1","max-image-preview":"max-image-preview:large","max-video-preview":"max-video-preview:-1"},"canonical":"https:\/\/washingtonnational.com\/es\/contacto\/comuniquese-con-un-agente\/","og_locale":"es_ES","og_type":"article","og_title":"Comun\u00edquese con un agente","og_description":"Para comunicarse con un agente o solicitar m\u00e1s informaci\u00f3n, complete y env\u00ede este formulario.","og_url":"https:\/\/washingtonnational.com\/es\/contacto\/comuniquese-con-un-agente\/","og_site_name":"Washington National","article_publisher":"https:\/\/www.facebook.com\/WashingtonNational","article_modified_time":"2022-06-29T20:44:21+00:00","twitter_card":"summary_large_image","schema":{"@context":"https:\/\/schema.org","@graph":[{"@type":"WebPage","@id":"https:\/\/washingtonnational.com\/es\/contacto\/comuniquese-con-un-agente\/","url":"https:\/\/washingtonnational.com\/es\/contacto\/comuniquese-con-un-agente\/","name":"Comun\u00edquese con un agente - Washington National","isPartOf":{"@id":"https:\/\/washingtonnational.com\/es\/#website"},"datePublished":"2019-03-18T07:45:14+00:00","dateModified":"2022-06-29T20:44:21+00:00","description":"Para comunicarse con un agente o solicitar m\u00e1s informaci\u00f3n, complete y env\u00ede este formulario.","breadcrumb":{"@id":"https:\/\/washingtonnational.com\/es\/contacto\/comuniquese-con-un-agente\/#breadcrumb"},"inLanguage":"es-ES","potentialAction":[{"@type":"ReadAction","target":["https:\/\/washingtonnational.com\/es\/contacto\/comuniquese-con-un-agente\/"]}]},{"@type":"BreadcrumbList","@id":"https:\/\/washingtonnational.com\/es\/contacto\/comuniquese-con-un-agente\/#breadcrumb","itemListElement":[{"@type":"ListItem","position":1,"name":"Home","item":"https:\/\/washingtonnational.com\/es\/"},{"@type":"ListItem","position":2,"name":"Contacto","item":"https:\/\/washingtonnational.com\/es\/contacto\/"},{"@type":"ListItem","position":3,"name":"Comun\u00edquese con un agente"}]},{"@type":"WebSite","@id":"https:\/\/washingtonnational.com\/es\/#website","url":"https:\/\/washingtonnational.com\/es\/","name":"Washington National","description":"","publisher":{"@id":"https:\/\/washingtonnational.com\/es\/#organization"},"potentialAction":[{"@type":"SearchAction","target":{"@type":"EntryPoint","urlTemplate":"https:\/\/washingtonnational.com\/es\/?s={search_term_string}"},"query-input":{"@type":"PropertyValueSpecification","valueRequired":true,"valueName":"search_term_string"}}],"inLanguage":"es-ES"},{"@type":"Organization","@id":"https:\/\/washingtonnational.com\/es\/#organization","name":"Washington National Insurance Company","url":"https:\/\/washingtonnational.com\/es\/","logo":{"@type":"ImageObject","inLanguage":"es-ES","@id":"https:\/\/washingtonnational.com\/es\/#\/schema\/logo\/image\/","url":"https:\/\/washingtonnational.com\/wp-content\/uploads\/2019\/03\/WN_RGB_TRANS2.png","contentUrl":"https:\/\/washingtonnational.com\/wp-content\/uploads\/2019\/03\/WN_RGB_TRANS2.png","width":582,"height":319,"caption":"Washington National Insurance Company"},"image":{"@id":"https:\/\/washingtonnational.com\/es\/#\/schema\/logo\/image\/"},"sameAs":["https:\/\/www.facebook.com\/WashingtonNational","https:\/\/www.linkedin.com\/company\/washington-national-insurance-company\/","https:\/\/www.youtube.com\/user\/WashingtonNational\/videos"]}]}},"_links":{"self":[{"href":"https:\/\/washingtonnational.com\/es\/wp-json\/wp\/v2\/pages\/2613","targetHints":{"allow":["GET"]}}],"collection":[{"href":"https:\/\/washingtonnational.com\/es\/wp-json\/wp\/v2\/pages"}],"about":[{"href":"https:\/\/washingtonnational.com\/es\/wp-json\/wp\/v2\/types\/page"}],"author":[{"embeddable":true,"href":"https:\/\/washingtonnational.com\/es\/wp-json\/wp\/v2\/users\/21"}],"replies":[{"embeddable":true,"href":"https:\/\/washingtonnational.com\/es\/wp-json\/wp\/v2\/comments?post=2613"}],"version-history":[{"count":2,"href":"https:\/\/washingtonnational.com\/es\/wp-json\/wp\/v2\/pages\/2613\/revisions"}],"predecessor-version":[{"id":4033,"href":"https:\/\/washingtonnational.com\/es\/wp-json\/wp\/v2\/pages\/2613\/revisions\/4033"}],"up":[{"embeddable":true,"href":"https:\/\/washingtonnational.com\/es\/wp-json\/wp\/v2\/pages\/2610"}],"wp:attachment":[{"href":"https:\/\/washingtonnational.com\/es\/wp-json\/wp\/v2\/media?parent=2613"}],"curies":[{"name":"wp","href":"https:\/\/api.w.org\/{rel}","templated":true}]}}